{"id":70,"date":"2025-02-07T09:34:51","date_gmt":"2025-02-07T09:34:51","guid":{"rendered":"https:\/\/kapelawojtki.pl\/?page_id=70"},"modified":"2025-05-29T19:01:33","modified_gmt":"2025-05-29T19:01:33","slug":"kapela","status":"publish","type":"page","link":"https:\/\/kapelawojtki.pl\/index.php\/kapela\/","title":{"rendered":"O nas"},"content":{"rendered":"\n<div class=\"wp-block-cover has-custom-content-position is-position-bottom-left\" style=\"min-height:440px;aspect-ratio:unset;\"><img loading=\"lazy\" decoding=\"async\" width=\"1701\" height=\"1134\" class=\"wp-block-cover__image-background wp-image-239 size-full\" alt=\"\" src=\"https:\/\/kapelawojtki.pl\/wp-content\/uploads\/2025\/05\/KPW_High-3.jpg\" data-object-fit=\"cover\" srcset=\"https:\/\/kapelawojtki.pl\/wp-content\/uploads\/2025\/05\/KPW_High-3.jpg 1701w, https:\/\/kapelawojtki.pl\/wp-content\/uploads\/2025\/05\/KPW_High-3-300x200.jpg 300w, https:\/\/kapelawojtki.pl\/wp-content\/uploads\/2025\/05\/KPW_High-3-1024x683.jpg 1024w, https:\/\/kapelawojtki.pl\/wp-content\/uploads\/2025\/05\/KPW_High-3-768x512.jpg 768w, https:\/\/kapelawojtki.pl\/wp-content\/uploads\/2025\/05\/KPW_High-3-1536x1024.jpg 1536w\" sizes=\"auto, (max-width: 1701px) 100vw, 1701px\" \/><span aria-hidden=\"true\" class=\"wp-block-cover__background has-background-dim\" style=\"background-color:#6a5548\"><\/span><div class=\"wp-block-cover__inner-container is-layout-flow wp-block-cover-is-layout-flow\">\n<p class=\"has-text-align-center has-xx-large-font-size\">O NAS<\/p>\n<\/div><\/div>\n\n\n\n<p class=\"has-text-align-left\"><strong>Kapela Podw\u00f3rkowa \u201eWOJTKI\u201d<\/strong> to usposobienie mi\u0142o\u015bci i pasji do polskiej muzyki rozrywkowej. Za\u0142o\u017cona w 2021 roku z inicjatywy <em>Wojciecha Nalewajka<\/em>. Jest swoistym protestem przeciwko marazmowi, jaki szerzy\u0142 si\u0119 w okresie pandemii. Inspiracj\u0105 dla dzia\u0142alno\u015bci Kapeli sta\u0142y si\u0119 wspomnienia m\u0142odo\u015bci, kiedy to kr\u00f3lowa\u0142y dobrze znane nam do dzi\u015b, pi\u0119kne kompozycje polskiego kina i teatru, oraz zabawne piosenki kapel ulicznych. Z czystego sentymentu narodzi\u0142 si\u0119 pomys\u0142, by na nowo odkry\u0107 lata 20-ste i 30-ste ubieg\u0142ego wieku i spojrze\u0107 na nowo na pi\u0119kno tamtych dni. Odkryte utwory okaza\u0142y si\u0119 nie tylko ulicznymi piosenkami, ale nabra\u0142y w latach wsp\u00f3\u0142czesnych szyku i elegancji.<\/p>\n\n\n\n<p>&nbsp;&nbsp;&nbsp;&nbsp;&nbsp;&nbsp;&nbsp;&nbsp;&nbsp;&nbsp;&nbsp; W nieco od\u015bwie\u017conej aran\u017cacji, lecz z zachowaniem wdzi\u0119ku tamtych lat, podzielimy si\u0119 z pa\u0144stwem pi\u0119knymi romantycznymi tangami, szybkimi skocznymi foxtrotami, nie zabraknie sentymentalnego walca, czy polki przy kt\u00f3rej, ka\u017cdy mo\u017ce si\u0119 bawi\u0107. Podr\u00f3\u017cujemy po \u015bwiecie muzyki uniwersalnej, dobrej dla ka\u017cdego, odkrywaj\u0105c na nowo pi\u0119kno i wdzi\u0119k mi\u0119dzywojennej Polski.<\/p>\n\n\n\n<p>&nbsp;&nbsp;&nbsp;&nbsp;&nbsp;&nbsp;&nbsp;&nbsp;&nbsp;&nbsp;&nbsp; Dzi\u015b zesp\u00f3\u0142 tworzy czteroosobowa grupa muzyk\u00f3w, kt\u00f3rych po\u0142\u0105czy\u0142a pasja do piosenki przedwojnia. W sk\u0142ad Kapeli wchodz\u0105 :<\/p>\n\n\n\n<p>&nbsp;&nbsp;&nbsp;&nbsp;&nbsp;&nbsp;<\/p>\n\n\n\n<div class=\"wp-block-media-text is-stacked-on-mobile\" style=\"grid-template-columns:20% auto\"><figure class=\"wp-block-media-text__media\"><img loading=\"lazy\" decoding=\"async\" width=\"692\" height=\"1024\" src=\"https:\/\/kapelawojtki.pl\/wp-content\/uploads\/2025\/05\/DSA05380SEPIA-1-692x1024.jpg\" alt=\"\" class=\"wp-image-258 size-full\" srcset=\"https:\/\/kapelawojtki.pl\/wp-content\/uploads\/2025\/05\/DSA05380SEPIA-1-692x1024.jpg 692w, https:\/\/kapelawojtki.pl\/wp-content\/uploads\/2025\/05\/DSA05380SEPIA-1-203x300.jpg 203w, https:\/\/kapelawojtki.pl\/wp-content\/uploads\/2025\/05\/DSA05380SEPIA-1-768x1137.jpg 768w, https:\/\/kapelawojtki.pl\/wp-content\/uploads\/2025\/05\/DSA05380SEPIA-1-1038x1536.jpg 1038w, https:\/\/kapelawojtki.pl\/wp-content\/uploads\/2025\/05\/DSA05380SEPIA-1-1383x2048.jpg 1383w, https:\/\/kapelawojtki.pl\/wp-content\/uploads\/2025\/05\/DSA05380SEPIA-1-scaled.jpg 1729w\" sizes=\"auto, (max-width: 692px) 100vw, 692px\" \/><\/figure><div class=\"wp-block-media-text__content\">\n<p><strong>Wojciech Nalewajek<\/strong> \u2013 lider, pomys\u0142odawca i za\u0142o\u017cyciel Kapeli, wokalista i klarnecista, zawodowy muzyk, cz\u0142owiek o wielkim sercu i dobroci, kt\u00f3ry ch\u0119tnie podzieli si\u0119 u\u015bmiechem i \u017cartem. Jego pasj\u0105 jest muzyka klasyczna, a w szczeg\u00f3lno\u015bci muzyka organowa i sakralna.<\/p>\n<\/div><\/div>\n\n\n\n<p><\/p>\n\n\n\n<div class=\"wp-block-media-text is-stacked-on-mobile\" style=\"grid-template-columns:20% auto\"><figure class=\"wp-block-media-text__media\"><img loading=\"lazy\" decoding=\"async\" width=\"731\" height=\"1024\" src=\"https:\/\/kapelawojtki.pl\/wp-content\/uploads\/2025\/05\/DSA05579SEPIA-731x1024.jpg\" alt=\"\" class=\"wp-image-256 size-full\" srcset=\"https:\/\/kapelawojtki.pl\/wp-content\/uploads\/2025\/05\/DSA05579SEPIA-731x1024.jpg 731w, https:\/\/kapelawojtki.pl\/wp-content\/uploads\/2025\/05\/DSA05579SEPIA-214x300.jpg 214w, https:\/\/kapelawojtki.pl\/wp-content\/uploads\/2025\/05\/DSA05579SEPIA-768x1075.jpg 768w, https:\/\/kapelawojtki.pl\/wp-content\/uploads\/2025\/05\/DSA05579SEPIA-1097x1536.jpg 1097w, https:\/\/kapelawojtki.pl\/wp-content\/uploads\/2025\/05\/DSA05579SEPIA-1463x2048.jpg 1463w, https:\/\/kapelawojtki.pl\/wp-content\/uploads\/2025\/05\/DSA05579SEPIA-scaled.jpg 1829w\" sizes=\"auto, (max-width: 731px) 100vw, 731px\" \/><\/figure><div class=\"wp-block-media-text__content\">\n<p><strong>Zbigniew Czapiewski<\/strong> \u2013 perkusista Kapeli, zawsze ch\u0119tnie opowie anegdot\u0119 z tamtych lat. Wiadomo, \u017ce w muzyce chodzi o rytm, wi\u0119c to on nadaje Kapeli rytmu do ta\u0144ca. Dzi\u015b ju\u017c szcz\u0119\u015bliwy emeryt, kt\u00f3ry ma czas na wspominanie przesz\u0142ych chwil. Obecnie ceni sobie odpoczynek i sp\u0119dzanie czasu na \u015bwie\u017cym powietrzu.<\/p>\n<\/div><\/div>\n\n\n\n<p><\/p>\n\n\n\n<div class=\"wp-block-media-text is-stacked-on-mobile\" style=\"grid-template-columns:20% auto\"><figure class=\"wp-block-media-text__media\"><img loading=\"lazy\" decoding=\"async\" width=\"731\" height=\"1024\" src=\"https:\/\/kapelawojtki.pl\/wp-content\/uploads\/2025\/05\/DSA05901SEPIA-731x1024.jpg\" alt=\"\" class=\"wp-image-259 size-full\" srcset=\"https:\/\/kapelawojtki.pl\/wp-content\/uploads\/2025\/05\/DSA05901SEPIA-731x1024.jpg 731w, https:\/\/kapelawojtki.pl\/wp-content\/uploads\/2025\/05\/DSA05901SEPIA-214x300.jpg 214w, https:\/\/kapelawojtki.pl\/wp-content\/uploads\/2025\/05\/DSA05901SEPIA-768x1075.jpg 768w, https:\/\/kapelawojtki.pl\/wp-content\/uploads\/2025\/05\/DSA05901SEPIA-1097x1536.jpg 1097w, https:\/\/kapelawojtki.pl\/wp-content\/uploads\/2025\/05\/DSA05901SEPIA-1463x2048.jpg 1463w, https:\/\/kapelawojtki.pl\/wp-content\/uploads\/2025\/05\/DSA05901SEPIA-scaled.jpg 1829w\" sizes=\"auto, (max-width: 731px) 100vw, 731px\" \/><\/figure><div class=\"wp-block-media-text__content\">\n<p><strong>Micha\u0142 Sztacha\u0144ski<\/strong> \u2013 gitarzysta z zami\u0142owania, jeszcze kilka lat temu pami\u0119ta\u0142 tylko, \u017ce jako nastolatek trzyma\u0142 gitar\u0119 w r\u0119kach, dzisiaj wiemy, \u017ce zapewni nam harmoni\u0119 na najwy\u017cszym poziomie, dzi\u0119ki kt\u00f3rej, mo\u017cemy wsp\u00f3lnie \u015bpiewa\u0107. Zawodowo ratownik medyczny, pasjonat \u0142\u0105czno\u015bci radiowych.<\/p>\n<\/div><\/div>\n\n\n\n<p><\/p>\n\n\n\n<div class=\"wp-block-media-text is-stacked-on-mobile\" style=\"grid-template-columns:20% auto\"><figure class=\"wp-block-media-text__media\"><img loading=\"lazy\" decoding=\"async\" width=\"683\" height=\"1024\" src=\"https:\/\/kapelawojtki.pl\/wp-content\/uploads\/2025\/05\/DSA06326SEPIA-683x1024.jpg\" alt=\"\" class=\"wp-image-260 size-full\" srcset=\"https:\/\/kapelawojtki.pl\/wp-content\/uploads\/2025\/05\/DSA06326SEPIA-683x1024.jpg 683w, https:\/\/kapelawojtki.pl\/wp-content\/uploads\/2025\/05\/DSA06326SEPIA-200x300.jpg 200w, https:\/\/kapelawojtki.pl\/wp-content\/uploads\/2025\/05\/DSA06326SEPIA-768x1152.jpg 768w, https:\/\/kapelawojtki.pl\/wp-content\/uploads\/2025\/05\/DSA06326SEPIA-1024x1536.jpg 1024w, https:\/\/kapelawojtki.pl\/wp-content\/uploads\/2025\/05\/DSA06326SEPIA-1365x2048.jpg 1365w, https:\/\/kapelawojtki.pl\/wp-content\/uploads\/2025\/05\/DSA06326SEPIA-scaled.jpg 1707w\" sizes=\"auto, (max-width: 683px) 100vw, 683px\" \/><\/figure><div class=\"wp-block-media-text__content\">\n<p><strong>Mateusz Jastrz\u0119bski<\/strong> \u2013 basista, to on \u0142\u0105czy rytm i harmoni\u0119, kt\u00f3rych tak bardzo pragniemy w muzyce. W Kapeli pe\u0142ni rol\u0119 menagera \u2013 to z nim kontaktujecie si\u0119 w sprawach wyst\u0119p\u00f3w, jego motto \u201ezawsze si\u0119 dogadamy\u201d. Absolwent szko\u0142y muzycznej w klasie gitary, zawodowo spe\u0142nia si\u0119 jako ratownik medyczny, pasjonat motorowodniactwa i ratownictwa wodnego.<\/p>\n<\/div><\/div>\n\n\n\n<p>Zapraszamy do wsp\u00f3lnego poznawania muzyki, kt\u00f3ra jest dla wielu inspiracj\u0105 i wspomnieniem <em>z\u0142otej ery<\/em> polskiej muzyki rozrywkowej.<\/p>\n","protected":false},"excerpt":{"rendered":"<p>Kapela Podw\u00f3rkowa \u201eWOJTKI\u201d to usposobienie mi\u0142o\u015bci i pasji do polskiej muzyki rozrywkowej. Za\u0142o\u017cona w 2021 roku z inicjatywy Wojciecha Nalewajka. Jest swoistym protestem przeciwko marazmowi, jaki szerzy\u0142 si\u0119 w okresie pandemii. Inspiracj\u0105 dla dzia\u0142alno\u015bci Kapeli sta\u0142y si\u0119 wspomnienia m\u0142odo\u015bci, kiedy to kr\u00f3lowa\u0142y dobrze znane nam do dzi\u015b, pi\u0119kne kompozycje polskiego kina i teatru, oraz zabawne [&hellip;]<\/p>\n","protected":false},"author":1,"featured_media":0,"parent":0,"menu_order":0,"comment_status":"closed","ping_status":"closed","template":"","meta":{"footnotes":""},"class_list":["post-70","page","type-page","status-publish","hentry"],"_links":{"self":[{"href":"https:\/\/kapelawojtki.pl\/index.php\/wp-json\/wp\/v2\/pages\/70","targetHints":{"allow":["GET"]}}],"collection":[{"href":"https:\/\/kapelawojtki.pl\/index.php\/wp-json\/wp\/v2\/pages"}],"about":[{"href":"https:\/\/kapelawojtki.pl\/index.php\/wp-json\/wp\/v2\/types\/page"}],"author":[{"embeddable":true,"href":"https:\/\/kapelawojtki.pl\/index.php\/wp-json\/wp\/v2\/users\/1"}],"replies":[{"embeddable":true,"href":"https:\/\/kapelawojtki.pl\/index.php\/wp-json\/wp\/v2\/comments?post=70"}],"version-history":[{"count":13,"href":"https:\/\/kapelawojtki.pl\/index.php\/wp-json\/wp\/v2\/pages\/70\/revisions"}],"predecessor-version":[{"id":303,"href":"https:\/\/kapelawojtki.pl\/index.php\/wp-json\/wp\/v2\/pages\/70\/revisions\/303"}],"wp:attachment":[{"href":"https:\/\/kapelawojtki.pl\/index.php\/wp-json\/wp\/v2\/media?parent=70"}],"curies":[{"name":"wp","href":"https:\/\/api.w.org\/{rel}","templated":true}]}}