{"id":90,"date":"2025-02-07T10:14:30","date_gmt":"2025-02-07T10:14:30","guid":{"rendered":"https:\/\/kapelawojtki.pl\/?page_id=90"},"modified":"2025-05-29T19:01:14","modified_gmt":"2025-05-29T19:01:14","slug":"materialy-promocyjne","status":"publish","type":"page","link":"https:\/\/kapelawojtki.pl\/index.php\/materialy-promocyjne\/","title":{"rendered":"Materia\u0142y promocyjne"},"content":{"rendered":"\n<p class=\"has-text-align-center has-x-large-font-size\"><\/p>\n\n\n\n<div class=\"wp-block-cover has-custom-content-position is-position-bottom-left\" style=\"min-height:430px;aspect-ratio:unset;\"><img loading=\"lazy\" decoding=\"async\" width=\"1024\" height=\"362\" class=\"wp-block-cover__image-background wp-image-237\" alt=\"\" src=\"https:\/\/kapelawojtki.pl\/wp-content\/uploads\/2025\/05\/KPW_High-1-1024x362.jpg\" data-object-fit=\"cover\" srcset=\"https:\/\/kapelawojtki.pl\/wp-content\/uploads\/2025\/05\/KPW_High-1-1024x362.jpg 1024w, https:\/\/kapelawojtki.pl\/wp-content\/uploads\/2025\/05\/KPW_High-1-300x106.jpg 300w, https:\/\/kapelawojtki.pl\/wp-content\/uploads\/2025\/05\/KPW_High-1-768x272.jpg 768w, https:\/\/kapelawojtki.pl\/wp-content\/uploads\/2025\/05\/KPW_High-1-1536x543.jpg 1536w, https:\/\/kapelawojtki.pl\/wp-content\/uploads\/2025\/05\/KPW_High-1-2048x724.jpg 2048w\" sizes=\"auto, (max-width: 1024px) 100vw, 1024px\" \/><span aria-hidden=\"true\" class=\"wp-block-cover__background has-background-dim\"><\/span><div class=\"wp-block-cover__inner-container is-layout-flow wp-block-cover-is-layout-flow\">\n<p class=\"has-text-align-center has-xx-large-font-size\">MATERIA\u0141Y PROMOCYJNE<\/p>\n<\/div><\/div>\n\n\n\n<p>Tu mo\u017cesz pobra\u0107 materia\u0142y promocyjne do wykorzystania na plakat, ulotk\u0119 informacyjn\u0105 do artyku\u0142u, relacji, portali spo\u0142eczno\u015bciowych  itd. Zastrzegamy, \u017ce tylko te materia\u0142y mog\u0105 by\u0107 u\u017cyte zgodnie z polityk\u0105 prywatno\u015bci.<\/p>\n\n\n\n<div class=\"wp-block-media-text is-stacked-on-mobile\" style=\"grid-template-columns:20% auto\"><figure class=\"wp-block-media-text__media\"><img loading=\"lazy\" decoding=\"async\" width=\"731\" height=\"1024\" src=\"https:\/\/kapelawojtki.pl\/wp-content\/uploads\/2025\/05\/DSA06836-731x1024.jpg\" alt=\"\" class=\"wp-image-271 size-full\" srcset=\"https:\/\/kapelawojtki.pl\/wp-content\/uploads\/2025\/05\/DSA06836-731x1024.jpg 731w, https:\/\/kapelawojtki.pl\/wp-content\/uploads\/2025\/05\/DSA06836-214x300.jpg 214w, https:\/\/kapelawojtki.pl\/wp-content\/uploads\/2025\/05\/DSA06836-768x1075.jpg 768w, https:\/\/kapelawojtki.pl\/wp-content\/uploads\/2025\/05\/DSA06836-1097x1536.jpg 1097w, https:\/\/kapelawojtki.pl\/wp-content\/uploads\/2025\/05\/DSA06836-1463x2048.jpg 1463w, https:\/\/kapelawojtki.pl\/wp-content\/uploads\/2025\/05\/DSA06836-scaled.jpg 1829w\" sizes=\"auto, (max-width: 731px) 100vw, 731px\" \/><\/figure><div class=\"wp-block-media-text__content\">\n<p>Materia\u0142y do pobrania:<\/p>\n\n\n\n<div class=\"wp-block-file\"><a id=\"wp-block-file--media-c277c458-6336-4682-826b-243bcb3bfcab\" href=\"https:\/\/kapelawojtki.pl\/wp-content\/uploads\/2025\/05\/Kapela-Podworkowa-Wojtki_zdjecia.zip\">Kapela Podw\u00f3rkowa Wojtki_zdj\u0119cia<\/a><a href=\"https:\/\/kapelawojtki.pl\/wp-content\/uploads\/2025\/05\/Kapela-Podworkowa-Wojtki_zdjecia.zip\" class=\"wp-block-file__button wp-element-button\" download aria-describedby=\"wp-block-file--media-c277c458-6336-4682-826b-243bcb3bfcab\">Pobierz<\/a><\/div>\n<\/div><\/div>\n","protected":false},"excerpt":{"rendered":"<p>Tu mo\u017cesz pobra\u0107 materia\u0142y promocyjne do wykorzystania na plakat, ulotk\u0119 informacyjn\u0105 do artyku\u0142u, relacji, portali spo\u0142eczno\u015bciowych itd. Zastrzegamy, \u017ce tylko te materia\u0142y mog\u0105 by\u0107 u\u017cyte zgodnie z polityk\u0105 prywatno\u015bci.<\/p>\n","protected":false},"author":1,"featured_media":0,"parent":0,"menu_order":0,"comment_status":"closed","ping_status":"closed","template":"","meta":{"footnotes":""},"class_list":["post-90","page","type-page","status-publish","hentry"],"_links":{"self":[{"href":"https:\/\/kapelawojtki.pl\/index.php\/wp-json\/wp\/v2\/pages\/90","targetHints":{"allow":["GET"]}}],"collection":[{"href":"https:\/\/kapelawojtki.pl\/index.php\/wp-json\/wp\/v2\/pages"}],"about":[{"href":"https:\/\/kapelawojtki.pl\/index.php\/wp-json\/wp\/v2\/types\/page"}],"author":[{"embeddable":true,"href":"https:\/\/kapelawojtki.pl\/index.php\/wp-json\/wp\/v2\/users\/1"}],"replies":[{"embeddable":true,"href":"https:\/\/kapelawojtki.pl\/index.php\/wp-json\/wp\/v2\/comments?post=90"}],"version-history":[{"count":12,"href":"https:\/\/kapelawojtki.pl\/index.php\/wp-json\/wp\/v2\/pages\/90\/revisions"}],"predecessor-version":[{"id":302,"href":"https:\/\/kapelawojtki.pl\/index.php\/wp-json\/wp\/v2\/pages\/90\/revisions\/302"}],"wp:attachment":[{"href":"https:\/\/kapelawojtki.pl\/index.php\/wp-json\/wp\/v2\/media?parent=90"}],"curies":[{"name":"wp","href":"https:\/\/api.w.org\/{rel}","templated":true}]}}